{"id":65,"date":"2024-11-09T23:42:52","date_gmt":"2024-11-09T23:42:52","guid":{"rendered":"https:\/\/paon.life\/?page_id=65"},"modified":"2024-11-09T23:42:53","modified_gmt":"2024-11-09T23:42:53","slug":"politique-de-confidentialite","status":"publish","type":"page","link":"https:\/\/paon.life\/index.php\/politique-de-confidentialite\/","title":{"rendered":"Politique de confidentialit\u00e9"},"content":{"rendered":"\n<p><strong>Derni\u00e8re mise \u00e0 jour : 8 novembre 2024<\/strong><\/p>\n\n\n\n<p>L&#8217;Association pour l\u2019Aide aux Orphelins du N\u00e9pal (P.A.O.N.) respecte la confidentialit\u00e9 des informations personnelles de ses utilisateurs et s&#8217;engage \u00e0 prot\u00e9ger leur vie priv\u00e9e. Cette politique de confidentialit\u00e9 explique comment nous collectons, utilisons, partageons et prot\u00e9geons les donn\u00e9es personnelles que nous recueillons via notre site web.<\/p>\n\n\n\n<h3 class=\"wp-block-heading\">1. <strong>Collecte des informations personnelles<\/strong><\/h3>\n\n\n\n<p>Nous pouvons \u00eatre amen\u00e9s \u00e0 collecter des informations personnelles lorsque vous utilisez notre site web, vous abonnez \u00e0 notre newsletter ou prenez contact avec nous. Les informations collect\u00e9es peuvent inclure :<\/p>\n\n\n\n<ul class=\"wp-block-list\">\n<li>Votre nom<\/li>\n\n\n\n<li>Votre adresse e-mail<\/li>\n\n\n\n<li>Votre adresse postale<\/li>\n\n\n\n<li>Votre num\u00e9ro de t\u00e9l\u00e9phone<\/li>\n\n\n\n<li>Vos informations de paiement si vous effectuez un don<\/li>\n<\/ul>\n\n\n\n<p>Nous collectons ces informations de mani\u00e8re volontaire lorsque vous choisissez de les fournir.<\/p>\n\n\n\n<h3 class=\"wp-block-heading\">2. <strong>Utilisation des informations<\/strong><\/h3>\n\n\n\n<p>Les informations que nous collectons sont utilis\u00e9es pour les finalit\u00e9s suivantes :<\/p>\n\n\n\n<ul class=\"wp-block-list\">\n<li>Fournir des informations sur nos actions et \u00e9v\u00e9nements<\/li>\n\n\n\n<li>Traiter vos dons et contributions<\/li>\n\n\n\n<li>R\u00e9pondre \u00e0 vos demandes ou questions<\/li>\n\n\n\n<li>Vous envoyer des communications li\u00e9es \u00e0 notre mission et nos activit\u00e9s<\/li>\n\n\n\n<li>Am\u00e9liorer l&#8217;exp\u00e9rience sur notre site web et mieux comprendre les besoins de nos utilisateurs<\/li>\n<\/ul>\n\n\n\n<h3 class=\"wp-block-heading\">3. <strong>Partage des informations<\/strong><\/h3>\n\n\n\n<p>Nous ne partageons pas vos informations personnelles avec des tiers \u00e0 des fins commerciales. Cependant, vos informations peuvent \u00eatre partag\u00e9es avec :<\/p>\n\n\n\n<ul class=\"wp-block-list\">\n<li>Nos partenaires de traitement des paiements (en cas de dons)<\/li>\n\n\n\n<li>Nos prestataires de services pour assurer le bon fonctionnement de notre site web<\/li>\n<\/ul>\n\n\n\n<p>Nous prenons toutes les mesures n\u00e9cessaires pour garantir que ces partenaires respectent \u00e9galement la confidentialit\u00e9 de vos informations.<\/p>\n\n\n\n<h3 class=\"wp-block-heading\">4. <strong>S\u00e9curit\u00e9 des informations<\/strong><\/h3>\n\n\n\n<p>Nous mettons en \u0153uvre des mesures de s\u00e9curit\u00e9 appropri\u00e9es pour prot\u00e9ger vos informations personnelles contre tout acc\u00e8s non autoris\u00e9, toute divulgation, modification ou destruction. Toutefois, aucune m\u00e9thode de transmission sur Internet n\u2019est enti\u00e8rement s\u00e9curis\u00e9e, et nous ne pouvons garantir la s\u00e9curit\u00e9 absolue des informations transmises en ligne.<\/p>\n\n\n\n<h3 class=\"wp-block-heading\">5. <strong>Cookies<\/strong><\/h3>\n\n\n\n<p>Notre site utilise des cookies pour am\u00e9liorer l&#8217;exp\u00e9rience utilisateur. Les cookies sont de petits fichiers qui sont plac\u00e9s sur votre appareil lorsque vous naviguez sur notre site. Vous pouvez configurer votre navigateur pour refuser les cookies ou vous alerter lorsque des cookies sont envoy\u00e9s. Cependant, certaines fonctionnalit\u00e9s du site peuvent ne pas fonctionner correctement si vous d\u00e9sactivez les cookies.<\/p>\n\n\n\n<h3 class=\"wp-block-heading\">6. <strong>Droits d&#8217;acc\u00e8s, de rectification et de suppression<\/strong><\/h3>\n\n\n\n<p>Conform\u00e9ment aux lois sur la protection des donn\u00e9es personnelles, vous avez le droit d&#8217;acc\u00e9der, de rectifier, de supprimer ou de limiter l&#8217;utilisation de vos donn\u00e9es personnelles. Pour exercer ces droits, veuillez nous contacter \u00e0 l&#8217;adresse suivante : <a>secretariat@paon.life<\/a>.<\/p>\n\n\n\n<h3 class=\"wp-block-heading\">7. <strong>Modifications de la politique de confidentialit\u00e9<\/strong><\/h3>\n\n\n\n<p>Nous nous r\u00e9servons le droit de modifier cette politique de confidentialit\u00e9 \u00e0 tout moment. Toute modification sera publi\u00e9e sur cette page avec la mention &#8220;Derni\u00e8re mise \u00e0 jour&#8221; indiquant la date de la r\u00e9vision. Nous vous encourageons \u00e0 consulter r\u00e9guli\u00e8rement cette politique pour \u00eatre inform\u00e9 des \u00e9ventuelles modifications.<\/p>\n\n\n\n<h3 class=\"wp-block-heading\">8. <strong>Contact<\/strong><\/h3>\n\n\n\n<p>Si vous avez des questions concernant cette politique de confidentialit\u00e9 ou si vous souhaitez exercer vos droits sur vos donn\u00e9es personnelles, vous pouvez nous contacter par e-mail \u00e0 l\u2019adresse suivante :<br><strong>Email :<\/strong> <a>secretariat@paon.life<\/a><\/p>\n","protected":false},"excerpt":{"rendered":"<p>Derni\u00e8re mise \u00e0 jour : 8 novembre 2024 L&#8217;Association pour l\u2019Aide aux Orphelins du N\u00e9pal (P.A.O.N.) respecte la confidentialit\u00e9 des informations personnelles de ses utilisateurs et s&#8217;engage \u00e0 prot\u00e9ger leur vie priv\u00e9e. Cette politique de confidentialit\u00e9 explique comment nous collectons, utilisons, partageons et prot\u00e9geons les donn\u00e9es personnelles que nous recueillons via notre site web. 1. [&hellip;]<\/p>\n","protected":false},"author":1,"featured_media":0,"parent":0,"menu_order":0,"comment_status":"closed","ping_status":"closed","template":"","meta":{"saved_in_kubio":false,"footnotes":""},"class_list":["post-65","page","type-page","status-publish","hentry"],"kubio_ai_page_context":{"short_desc":"","purpose":"general"},"_links":{"self":[{"href":"https:\/\/paon.life\/index.php\/wp-json\/wp\/v2\/pages\/65","targetHints":{"allow":["GET"]}}],"collection":[{"href":"https:\/\/paon.life\/index.php\/wp-json\/wp\/v2\/pages"}],"about":[{"href":"https:\/\/paon.life\/index.php\/wp-json\/wp\/v2\/types\/page"}],"author":[{"embeddable":true,"href":"https:\/\/paon.life\/index.php\/wp-json\/wp\/v2\/users\/1"}],"replies":[{"embeddable":true,"href":"https:\/\/paon.life\/index.php\/wp-json\/wp\/v2\/comments?post=65"}],"version-history":[{"count":1,"href":"https:\/\/paon.life\/index.php\/wp-json\/wp\/v2\/pages\/65\/revisions"}],"predecessor-version":[{"id":73,"href":"https:\/\/paon.life\/index.php\/wp-json\/wp\/v2\/pages\/65\/revisions\/73"}],"wp:attachment":[{"href":"https:\/\/paon.life\/index.php\/wp-json\/wp\/v2\/media?parent=65"}],"curies":[{"name":"wp","href":"https:\/\/api.w.org\/{rel}","templated":true}]}}